{"id":16,"date":"2020-04-05T21:09:35","date_gmt":"2020-04-05T19:09:35","guid":{"rendered":"http:\/\/testserver.feuerwehr-oderwitz.de\/?page_id=16"},"modified":"2022-10-11T21:01:01","modified_gmt":"2022-10-11T19:01:01","slug":"foerderverein","status":"publish","type":"page","link":"https:\/\/feuerwehr-oderwitz.de\/?page_id=16","title":{"rendered":"F\u00f6rderverein"},"content":{"rendered":"\n<div class=\"wp-block-columns is-layout-flex wp-container-core-columns-is-layout-9d6595d7 wp-block-columns-is-layout-flex\">\n<div class=\"wp-block-column is-vertically-aligned-center is-layout-flow wp-block-column-is-layout-flow\" style=\"flex-basis:50%\">\n<figure class=\"wp-block-image size-large\"><a href=\"https:\/\/feuerwehr-oderwitz.de\/wp-content\/uploads\/2022\/08\/Foerder-Logo-2022_final_4k_frei-1024x910-1.jpg\"><img decoding=\"async\" width=\"1024\" height=\"910\" src=\"https:\/\/feuerwehr-oderwitz.de\/wp-content\/uploads\/2022\/08\/Foerder-Logo-2022_final_4k_frei-1024x910-1.jpg\" alt=\"\" class=\"wp-image-906\" srcset=\"https:\/\/feuerwehr-oderwitz.de\/wp-content\/uploads\/2022\/08\/Foerder-Logo-2022_final_4k_frei-1024x910-1.jpg 1024w, https:\/\/feuerwehr-oderwitz.de\/wp-content\/uploads\/2022\/08\/Foerder-Logo-2022_final_4k_frei-1024x910-1-300x267.jpg 300w, https:\/\/feuerwehr-oderwitz.de\/wp-content\/uploads\/2022\/08\/Foerder-Logo-2022_final_4k_frei-1024x910-1-768x683.jpg 768w\" sizes=\"(max-width: 1024px) 100vw, 1024px\" \/><\/a><\/figure>\n<\/div>\n\n\n\n<div class=\"wp-block-column is-layout-flow wp-block-column-is-layout-flow\" style=\"flex-basis:80%\">\n<p>Wir sind eine Gemeinschaft mit Tradition, eine Organisation die f\u00fcr Sicherheit, Zusammenhalt und Hilfe steht. Wir sind eine Gemeinschaft die sich f\u00fcr den Menschen einsetzt.<br>Seit \u00fcber 150 Jahren bildet unsere Einsatzmannschaft die Basis f\u00fcr eine der guten Freiwilligen Feuerwehren in der Oberlausitz. Unsere rund 60 aktiven Mitglieder der Einsatzabteilung stehen rund um die Uhr bereit um Ihre Leidenschaft, Kompetenz und Hingabe einzubringen. Unsere Aufgabe ist es, t\u00e4glich neue Herausforderungen anzunehmen, schwierige Situationen zu meistern und uns stetig weiter zu entwickeln. Dabei ist es wichtig, dass wir uns auf unsere Kernkompetenzen verlassen k\u00f6nnen:<\/p>\n<\/div>\n<\/div>\n\n\n\n<div class=\"wp-block-columns is-layout-flex wp-container-core-columns-is-layout-9d6595d7 wp-block-columns-is-layout-flex\">\n<div class=\"wp-block-column is-layout-flow wp-block-column-is-layout-flow\" style=\"flex-basis:50%\">\n<ul class=\"wp-block-list\"><li>Professionelle Arbeit<\/li><li>Guter Zusammenhalt<\/li><li>Gute Ausbildung<\/li><li>Traditionspflege<\/li><\/ul>\n<\/div>\n<\/div>\n\n\n\n<p>Durch unsere fundierte breitgef\u00e4cherte und individuelle Aus- und Weiterbildung schaffen wir die Grundlage f\u00fcr einen gelungenen Einsatz. In Kombination mit unserer Ausr\u00fcstung und unseren Ger\u00e4tschaften befinden wir uns so stets auf dem modernsten Stand der Technik. Teil der Freiwilligen Feuerwehr Oderwitz zu sein, hei\u00dft nicht nur Verantwortung zu \u00fcbernehmen sondern auch Gemeinschaft zu erleben. Ein Austausch und Verst\u00e4ndnis \u00fcber unsere Arbeit ist uns wichtig. Durch gemeinschaftliche Aktionen und Veranstaltungen sind wir mit der Region und Ihren Menschen fest verbunden. Was uns antreibt ist der feste Zusammenhalt und die Berufung Menschen in schwierigen Situationen zu helfen. Das ist es was unsere Gemeinschaft so wertvoll macht.<\/p>\n\n\n\n<p>Nun w\u00fcrden wir uns auch freuen den ein oder anderen B\u00fcrger von Oderwitz zu begr\u00fc\u00dfen.<br>Sie m\u00fcssen nicht unbedingt zum Einsatz mitfahren.<br>Mit der Gr\u00fcndung des F\u00f6rdervereins ist es nun auch m\u00f6glich Freunde und F\u00f6rderer, die die Arbeit der Freiwilligen Feuerwehr Oderwitz unterst\u00fctzen m\u00f6chten, als Mitglieder aufzunehmen.<br>Viele B\u00fcrger spenden an verschiedene Hilfsorganisationen in Deutschland oder \u00fcber die Grenzen hinaus.<\/p>\n","protected":false},"excerpt":{"rendered":"<p>Wir sind eine Gemeinschaft mit Tradition, eine Organisation die f\u00fcr Sicherheit, Zusammenhalt und Hilfe steht. Wir sind eine Gemeinschaft die sich f\u00fcr den Menschen einsetzt.Seit \u00fcber 150 Jahren bildet unsere Einsatzmannschaft die Basis f\u00fcr eine der guten Freiwilligen Feuerwehren in der Oberlausitz. Unsere rund 60 aktiven Mitglieder der Einsatzabteilung stehen rund um die Uhr bereit <a class=\"more-link\" href=\"https:\/\/feuerwehr-oderwitz.de\/?page_id=16\">weiterlesen&#8230;<\/a><\/p>\n","protected":false},"author":1,"featured_media":0,"parent":0,"menu_order":2,"comment_status":"closed","ping_status":"closed","template":"","meta":{"footnotes":""},"class_list":["post-16","page","type-page","status-publish","hentry"],"_links":{"self":[{"href":"https:\/\/feuerwehr-oderwitz.de\/index.php?rest_route=\/wp\/v2\/pages\/16","targetHints":{"allow":["GET"]}}],"collection":[{"href":"https:\/\/feuerwehr-oderwitz.de\/index.php?rest_route=\/wp\/v2\/pages"}],"about":[{"href":"https:\/\/feuerwehr-oderwitz.de\/index.php?rest_route=\/wp\/v2\/types\/page"}],"author":[{"embeddable":true,"href":"https:\/\/feuerwehr-oderwitz.de\/index.php?rest_route=\/wp\/v2\/users\/1"}],"replies":[{"embeddable":true,"href":"https:\/\/feuerwehr-oderwitz.de\/index.php?rest_route=%2Fwp%2Fv2%2Fcomments&post=16"}],"version-history":[{"count":9,"href":"https:\/\/feuerwehr-oderwitz.de\/index.php?rest_route=\/wp\/v2\/pages\/16\/revisions"}],"predecessor-version":[{"id":1069,"href":"https:\/\/feuerwehr-oderwitz.de\/index.php?rest_route=\/wp\/v2\/pages\/16\/revisions\/1069"}],"wp:attachment":[{"href":"https:\/\/feuerwehr-oderwitz.de\/index.php?rest_route=%2Fwp%2Fv2%2Fmedia&parent=16"}],"curies":[{"name":"wp","href":"https:\/\/api.w.org\/{rel}","templated":true}]}}