{"id":278,"date":"2022-01-05T22:10:57","date_gmt":"2022-01-05T21:10:57","guid":{"rendered":"http:\/\/testserver.feuerwehr-oderwitz.de\/?page_id=278"},"modified":"2022-10-06T18:42:56","modified_gmt":"2022-10-06T16:42:56","slug":"alters-ehrenabteilung","status":"publish","type":"page","link":"https:\/\/feuerwehr-oderwitz.de\/?page_id=278","title":{"rendered":"Alters- &#038; Ehrenabteilung"},"content":{"rendered":"\n<h3 class=\"wp-block-heading\">Wer sind wir?<\/h3>\n\n\n\n<p>Der Alters- und Ehrenabteilung geh\u00f6ren alle Kameraden der Freiwilligen Feuerwehr Oderwitz an, die sich um die Geschicke der Feuerwehr verdient gemacht haben aber besipielsweise aufgrund ihres Alters oder ihrer gesundheitlichen Verfassung nicht mehr am aktiven Einsatzdienst teilnehmen k\u00f6nnen.<\/p>\n\n\n\n<p>Der aktive Dienst in der Freiwilligen Feuerwehr Oderwitz endet nach Satzung regul\u00e4r mit der Vollendung des 67.  Lebensjahrs. Danach erfolgt der \u00dcbertritt des Kameraden oder der Kameradin in die Alters- und Ehrenabteilung. Unter bestimmten Voraussetzungen kann eine vorzeitige Aufnahme in die Alters- und Ehrenabteilung zeitlich befristet oder auf Dauer beim jeweiligen Ortsfeuerwehrausschuss beantragt werden.<\/p>\n\n\n\n<h3 class=\"wp-block-heading\">Was tun wir?<\/h3>\n\n\n\n<p>Die Mitglieder der Alters- und Ehrenabteilung sind allgemein von ihren Verpflichtungen gegen\u00fcber der Freiwilligen Feuerwehr im Sinne der Teilnahme am Ausbildungs- und Einsatzgeschehen entbunden. Jedoch stellen sie eine wertvolle Bereicherung beispielsweise hinsichtlich der Weitergabe von Wissen an j\u00fcngere Kameraden und der Pflege, Fortf\u00fchrung und Aufarbeitung der \u00f6rtlichen Feuerwehrhistorie dar.<\/p>\n\n\n\n<p> Die Kameraden und Kameradinnen sind selbstverst\u00e4ndlich auch nach Erlangung ihres &#8222;Feuerwehr-Ruhestandes&#8220; im Rahmen der vielf\u00e4ltigen au\u00dferdienstlichen Veranstaltungen der Feuerwehr sowie des F\u00f6rdervereins  eingeladen und involviert.<\/p>\n","protected":false},"excerpt":{"rendered":"<p>Wer sind wir? Der Alters- und Ehrenabteilung geh\u00f6ren alle Kameraden der Freiwilligen Feuerwehr Oderwitz an, die sich um die Geschicke der Feuerwehr verdient gemacht haben aber besipielsweise aufgrund ihres Alters oder ihrer gesundheitlichen Verfassung nicht mehr am aktiven Einsatzdienst teilnehmen k\u00f6nnen. Der aktive Dienst in der Freiwilligen Feuerwehr Oderwitz endet nach Satzung regul\u00e4r mit der <a class=\"more-link\" href=\"https:\/\/feuerwehr-oderwitz.de\/?page_id=278\">weiterlesen&#8230;<\/a><\/p>\n","protected":false},"author":1,"featured_media":0,"parent":0,"menu_order":2,"comment_status":"closed","ping_status":"closed","template":"","meta":{"footnotes":""},"class_list":["post-278","page","type-page","status-publish","hentry"],"_links":{"self":[{"href":"https:\/\/feuerwehr-oderwitz.de\/index.php?rest_route=\/wp\/v2\/pages\/278","targetHints":{"allow":["GET"]}}],"collection":[{"href":"https:\/\/feuerwehr-oderwitz.de\/index.php?rest_route=\/wp\/v2\/pages"}],"about":[{"href":"https:\/\/feuerwehr-oderwitz.de\/index.php?rest_route=\/wp\/v2\/types\/page"}],"author":[{"embeddable":true,"href":"https:\/\/feuerwehr-oderwitz.de\/index.php?rest_route=\/wp\/v2\/users\/1"}],"replies":[{"embeddable":true,"href":"https:\/\/feuerwehr-oderwitz.de\/index.php?rest_route=%2Fwp%2Fv2%2Fcomments&post=278"}],"version-history":[{"count":4,"href":"https:\/\/feuerwehr-oderwitz.de\/index.php?rest_route=\/wp\/v2\/pages\/278\/revisions"}],"predecessor-version":[{"id":1065,"href":"https:\/\/feuerwehr-oderwitz.de\/index.php?rest_route=\/wp\/v2\/pages\/278\/revisions\/1065"}],"wp:attachment":[{"href":"https:\/\/feuerwehr-oderwitz.de\/index.php?rest_route=%2Fwp%2Fv2%2Fmedia&parent=278"}],"curies":[{"name":"wp","href":"https:\/\/api.w.org\/{rel}","templated":true}]}}