{"id":283,"date":"2022-01-05T22:15:06","date_gmt":"2022-01-05T21:15:06","guid":{"rendered":"http:\/\/testserver.feuerwehr-oderwitz.de\/?page_id=283"},"modified":"2023-05-15T10:19:49","modified_gmt":"2023-05-15T08:19:49","slug":"geraetehaus","status":"publish","type":"page","link":"https:\/\/feuerwehr-oderwitz.de\/?page_id=283","title":{"rendered":"Ger\u00e4tehausneubau"},"content":{"rendered":"\n<!--more-->\n\n\n\n<div class=\"wp-block-columns is-layout-flex wp-container-core-columns-is-layout-9d6595d7 wp-block-columns-is-layout-flex\">\n<div class=\"wp-block-column is-layout-flow wp-block-column-is-layout-flow\">\n<figure class=\"wp-block-image size-large\"><img decoding=\"async\" width=\"1024\" height=\"485\" src=\"\/wp-content\/uploads\/2022\/01\/20211217_145641-1024x485.jpg\" alt=\"\" class=\"wp-image-576\" srcset=\"https:\/\/feuerwehr-oderwitz.de\/wp-content\/uploads\/2022\/01\/20211217_145641-1024x485.jpg 1024w, https:\/\/feuerwehr-oderwitz.de\/wp-content\/uploads\/2022\/01\/20211217_145641-300x142.jpg 300w, https:\/\/feuerwehr-oderwitz.de\/wp-content\/uploads\/2022\/01\/20211217_145641-768x364.jpg 768w, https:\/\/feuerwehr-oderwitz.de\/wp-content\/uploads\/2022\/01\/20211217_145641-1536x728.jpg 1536w, https:\/\/feuerwehr-oderwitz.de\/wp-content\/uploads\/2022\/01\/20211217_145641-2048x971.jpg 2048w\" sizes=\"(max-width: 1024px) 100vw, 1024px\" \/><figcaption class=\"wp-element-caption\">Frontalansicht der Baustelle Dezember 2021<\/figcaption><\/figure>\n<\/div>\n\n\n\n<div class=\"wp-block-column is-layout-flow wp-block-column-is-layout-flow\">\n<p>Im Jahr 2021 begannen der Neubau eines zentralen Feuerwehrger\u00e4tehauses f\u00fcr die Gemeindefeuerwehr Oderwitz im Gewerbegebiet am Spitzberg. Zuk\u00fcnftig, nach dessen Fertigstellung, werden beide Ortswehren gemeinsam in diesem ihre Ausbildungsdienste durchf\u00fchren und von hieraus zu den Eins\u00e4tzen aufbrechen<\/p>\n<\/div>\n<\/div>\n\n\n\n<div class=\"wp-block-media-text is-stacked-on-mobile\" style=\"grid-template-columns:45% auto\"><figure class=\"wp-block-media-text__media\"><img decoding=\"async\" width=\"1024\" height=\"768\" src=\"https:\/\/feuerwehr-oderwitz.de\/wp-content\/uploads\/2022\/11\/IMG_7000.jpeg\" alt=\"\" class=\"wp-image-1215 size-full\" srcset=\"https:\/\/feuerwehr-oderwitz.de\/wp-content\/uploads\/2022\/11\/IMG_7000.jpeg 1024w, https:\/\/feuerwehr-oderwitz.de\/wp-content\/uploads\/2022\/11\/IMG_7000-300x225.jpeg 300w, https:\/\/feuerwehr-oderwitz.de\/wp-content\/uploads\/2022\/11\/IMG_7000-768x576.jpeg 768w, https:\/\/feuerwehr-oderwitz.de\/wp-content\/uploads\/2022\/11\/IMG_7000-350x263.jpeg 350w, https:\/\/feuerwehr-oderwitz.de\/wp-content\/uploads\/2022\/11\/IMG_7000-780x586.jpeg 780w, https:\/\/feuerwehr-oderwitz.de\/wp-content\/uploads\/2022\/11\/IMG_7000-250x188.jpeg 250w\" sizes=\"(max-width: 1024px) 100vw, 1024px\" \/><\/figure><div class=\"wp-block-media-text__content\">\n<p>Frontalansicht der Baustelle Juli 2022<\/p>\n<\/div><\/div>\n\n\n\n<div class=\"wp-block-media-text is-stacked-on-mobile\" style=\"grid-template-columns:45% auto\"><figure class=\"wp-block-media-text__media\"><img decoding=\"async\" width=\"1024\" height=\"768\" src=\"https:\/\/feuerwehr-oderwitz.de\/wp-content\/uploads\/2022\/11\/D106171716B9AB2842B9A2A3A3DCA430-1024x768.jpg\" alt=\"\" class=\"wp-image-1226 size-full\" srcset=\"https:\/\/feuerwehr-oderwitz.de\/wp-content\/uploads\/2022\/11\/D106171716B9AB2842B9A2A3A3DCA430-1024x768.jpg 1024w, https:\/\/feuerwehr-oderwitz.de\/wp-content\/uploads\/2022\/11\/D106171716B9AB2842B9A2A3A3DCA430-300x225.jpg 300w, https:\/\/feuerwehr-oderwitz.de\/wp-content\/uploads\/2022\/11\/D106171716B9AB2842B9A2A3A3DCA430-768x576.jpg 768w, https:\/\/feuerwehr-oderwitz.de\/wp-content\/uploads\/2022\/11\/D106171716B9AB2842B9A2A3A3DCA430-1536x1152.jpg 1536w, https:\/\/feuerwehr-oderwitz.de\/wp-content\/uploads\/2022\/11\/D106171716B9AB2842B9A2A3A3DCA430-2048x1536.jpg 2048w, https:\/\/feuerwehr-oderwitz.de\/wp-content\/uploads\/2022\/11\/D106171716B9AB2842B9A2A3A3DCA430-350x263.jpg 350w, https:\/\/feuerwehr-oderwitz.de\/wp-content\/uploads\/2022\/11\/D106171716B9AB2842B9A2A3A3DCA430-780x586.jpg 780w, https:\/\/feuerwehr-oderwitz.de\/wp-content\/uploads\/2022\/11\/D106171716B9AB2842B9A2A3A3DCA430-250x188.jpg 250w\" sizes=\"(max-width: 1024px) 100vw, 1024px\" \/><\/figure><div class=\"wp-block-media-text__content\">\n<p>Frontalansicht der Baustelle November 2022<\/p>\n<\/div><\/div>\n\n\n\n<div class=\"wp-block-media-text is-stacked-on-mobile\" style=\"grid-template-columns:45% auto\"><figure class=\"wp-block-media-text__media\"><img decoding=\"async\" width=\"1024\" height=\"768\" src=\"https:\/\/feuerwehr-oderwitz.de\/wp-content\/uploads\/2023\/05\/61C51B4B02FAB4839422A4FB2920BCAE-1024x768.jpg\" alt=\"\" class=\"wp-image-1561 size-full\" srcset=\"https:\/\/feuerwehr-oderwitz.de\/wp-content\/uploads\/2023\/05\/61C51B4B02FAB4839422A4FB2920BCAE-1024x768.jpg 1024w, https:\/\/feuerwehr-oderwitz.de\/wp-content\/uploads\/2023\/05\/61C51B4B02FAB4839422A4FB2920BCAE-300x225.jpg 300w, https:\/\/feuerwehr-oderwitz.de\/wp-content\/uploads\/2023\/05\/61C51B4B02FAB4839422A4FB2920BCAE-768x576.jpg 768w, https:\/\/feuerwehr-oderwitz.de\/wp-content\/uploads\/2023\/05\/61C51B4B02FAB4839422A4FB2920BCAE-1536x1152.jpg 1536w, https:\/\/feuerwehr-oderwitz.de\/wp-content\/uploads\/2023\/05\/61C51B4B02FAB4839422A4FB2920BCAE-2048x1536.jpg 2048w, https:\/\/feuerwehr-oderwitz.de\/wp-content\/uploads\/2023\/05\/61C51B4B02FAB4839422A4FB2920BCAE-350x263.jpg 350w, https:\/\/feuerwehr-oderwitz.de\/wp-content\/uploads\/2023\/05\/61C51B4B02FAB4839422A4FB2920BCAE-780x586.jpg 780w, https:\/\/feuerwehr-oderwitz.de\/wp-content\/uploads\/2023\/05\/61C51B4B02FAB4839422A4FB2920BCAE-250x188.jpg 250w\" sizes=\"(max-width: 1024px) 100vw, 1024px\" \/><\/figure><div class=\"wp-block-media-text__content\">\n<p>Frontalansicht Mai 2023 <\/p>\n<\/div><\/div>\n\n\n\n<p>An dieser Stelle finden Sie zuk\u00fcnftig aktuelle Informationen und Bilder \u00fcber den Neubau.<\/p>\n","protected":false},"excerpt":{"rendered":"","protected":false},"author":1,"featured_media":1561,"parent":270,"menu_order":3,"comment_status":"closed","ping_status":"closed","template":"","meta":{"footnotes":""},"class_list":["post-283","page","type-page","status-publish","has-post-thumbnail","hentry"],"_links":{"self":[{"href":"https:\/\/feuerwehr-oderwitz.de\/index.php?rest_route=\/wp\/v2\/pages\/283","targetHints":{"allow":["GET"]}}],"collection":[{"href":"https:\/\/feuerwehr-oderwitz.de\/index.php?rest_route=\/wp\/v2\/pages"}],"about":[{"href":"https:\/\/feuerwehr-oderwitz.de\/index.php?rest_route=\/wp\/v2\/types\/page"}],"author":[{"embeddable":true,"href":"https:\/\/feuerwehr-oderwitz.de\/index.php?rest_route=\/wp\/v2\/users\/1"}],"replies":[{"embeddable":true,"href":"https:\/\/feuerwehr-oderwitz.de\/index.php?rest_route=%2Fwp%2Fv2%2Fcomments&post=283"}],"version-history":[{"count":9,"href":"https:\/\/feuerwehr-oderwitz.de\/index.php?rest_route=\/wp\/v2\/pages\/283\/revisions"}],"predecessor-version":[{"id":1562,"href":"https:\/\/feuerwehr-oderwitz.de\/index.php?rest_route=\/wp\/v2\/pages\/283\/revisions\/1562"}],"up":[{"embeddable":true,"href":"https:\/\/feuerwehr-oderwitz.de\/index.php?rest_route=\/wp\/v2\/pages\/270"}],"wp:featuredmedia":[{"embeddable":true,"href":"https:\/\/feuerwehr-oderwitz.de\/index.php?rest_route=\/wp\/v2\/media\/1561"}],"wp:attachment":[{"href":"https:\/\/feuerwehr-oderwitz.de\/index.php?rest_route=%2Fwp%2Fv2%2Fmedia&parent=283"}],"curies":[{"name":"wp","href":"https:\/\/api.w.org\/{rel}","templated":true}]}}