{"id":285,"date":"2022-01-05T22:15:42","date_gmt":"2022-01-05T21:15:42","guid":{"rendered":"http:\/\/testserver.feuerwehr-oderwitz.de\/?page_id=285"},"modified":"2022-09-01T09:26:57","modified_gmt":"2022-09-01T07:26:57","slug":"faqs","status":"publish","type":"page","link":"https:\/\/feuerwehr-oderwitz.de\/?page_id=285","title":{"rendered":"FAQs"},"content":{"rendered":"\n<p><strong>\u201eAb wann darf ich zur Kinder- oder Jugendfeuerwehr\u201c<\/strong><\/p>\n\n\n\n<p>Die Mitgliedschaft in der Kinderfeuerwehr ist ab dem 6. Lebensjahr m\u00f6glich. Ab dem 10. Lebensjahr erfolgt der \u00dcbertritt (bzw. f\u00fcr Neuaufnahmen Eintritt) in die Jugendfeuerwehr.<\/p>\n\n\n\n<p><strong>\u201eWas ben\u00f6tige ich f\u00fcr die Kinder- und Jugendfeuerwehr?\u201c<\/strong><\/p>\n\n\n\n<p>Voraussetzung f\u00fcr die Aufnahme in die Kinder- oder Jugendfeuerwehr sind lediglich das passende Alter (siehe oben) und die Zustimmung deiner Eltern.<\/p>\n\n\n\n<p><strong>\u201eWann treffen sich Kinder- oder Jugendfeuerwehr?\u201c<\/strong><\/p>\n\n\n\n<p>Die Dienstpl\u00e4ne f\u00fcr Kinder- und Jugendfeuerwehr findet ihr im folgenden Link. Zus\u00e4tzlich zu den regelm\u00e4\u00dfig stattfindenden Ausbildungsdiensten finden j\u00e4hrlich weitere Veranstaltungen (Berufsfeuerwehrtage, Kuchenfuhre, Weihnachtsbaumbrennen und viele mehr) statt.<\/p>\n\n\n\n<div class=\"wp-block-buttons is-horizontal is-content-justification-center is-layout-flex wp-container-core-buttons-is-layout-499968f5 wp-block-buttons-is-layout-flex\">\n<div class=\"wp-block-button is-style-fill\"><a class=\"wp-block-button__link has-very-light-gray-color has-vivid-red-background-color has-text-color has-background\" href=\"\/?page_id=385\" style=\"border-radius:5px\" rel=\"\/ueber-uns\/fahrzeuge\/hlf10\/\">Dienstpl\u00e4ne Kinder- &amp; Jugendfeuerwehr<\/a><\/div>\n<\/div>\n\n\n\n<p><\/p>\n\n\n\n<p><strong>\u201eWas tun wenn ich mal nicht zum Kinder- oder Jugendfeuerwehrdienst erscheinen kann?\u201c<\/strong><\/p>\n\n\n\n<p>Bitte meldet euch stets beim Kinder- oder Jugendfeuerwehrwart ab wenn ihr verhindert seid.<\/p>\n\n\n\n<p><strong>\u201eWas kostet denn die Kinder- und Jugendfeuerwehr?\u201c<\/strong><\/p>\n\n\n\n<p>S\u00e4mtliche Angebote der Kinder- und Jugendfeuerwehr f\u00fcr die Mitglieder sind genau wie der Eintritt und die Ausr\u00fcstung vollkommen kostenfrei.<\/p>\n\n\n\n<p><strong>Eure Antwort war nicht dabei und ihr habt noch mehr Fragen? Kein Problem! Z\u00f6gert nicht unseren Kinder- und Jugendfeuerwehrwarten diese zu stellen:<\/strong><\/p>\n\n\n\n<div class=\"wp-block-buttons is-horizontal is-content-justification-center is-layout-flex wp-container-core-buttons-is-layout-499968f5 wp-block-buttons-is-layout-flex\">\n<div class=\"wp-block-button is-style-fill\"><a class=\"wp-block-button__link has-very-light-gray-color has-vivid-red-background-color has-text-color has-background\" href=\"\/?page_id=385\" style=\"border-radius:5px\" rel=\"\/ueber-uns\/fahrzeuge\/hlf10\/\">Kontakt zu den Kinder- und Jugendfeuerwehrwarten<\/a><\/div>\n<\/div>\n","protected":false},"excerpt":{"rendered":"<p>\u201eAb wann darf ich zur Kinder- oder Jugendfeuerwehr\u201c Die Mitgliedschaft in der Kinderfeuerwehr ist ab dem 6. Lebensjahr m\u00f6glich. Ab dem 10. Lebensjahr erfolgt der \u00dcbertritt (bzw. f\u00fcr Neuaufnahmen Eintritt) in die Jugendfeuerwehr. \u201eWas ben\u00f6tige ich f\u00fcr die Kinder- und Jugendfeuerwehr?\u201c Voraussetzung f\u00fcr die Aufnahme in die Kinder- oder Jugendfeuerwehr sind lediglich das passende Alter <a class=\"more-link\" href=\"https:\/\/feuerwehr-oderwitz.de\/?page_id=285\">weiterlesen&#8230;<\/a><\/p>\n","protected":false},"author":1,"featured_media":0,"parent":275,"menu_order":3,"comment_status":"closed","ping_status":"closed","template":"","meta":{"footnotes":""},"class_list":["post-285","page","type-page","status-publish","hentry"],"_links":{"self":[{"href":"https:\/\/feuerwehr-oderwitz.de\/index.php?rest_route=\/wp\/v2\/pages\/285","targetHints":{"allow":["GET"]}}],"collection":[{"href":"https:\/\/feuerwehr-oderwitz.de\/index.php?rest_route=\/wp\/v2\/pages"}],"about":[{"href":"https:\/\/feuerwehr-oderwitz.de\/index.php?rest_route=\/wp\/v2\/types\/page"}],"author":[{"embeddable":true,"href":"https:\/\/feuerwehr-oderwitz.de\/index.php?rest_route=\/wp\/v2\/users\/1"}],"replies":[{"embeddable":true,"href":"https:\/\/feuerwehr-oderwitz.de\/index.php?rest_route=%2Fwp%2Fv2%2Fcomments&post=285"}],"version-history":[{"count":8,"href":"https:\/\/feuerwehr-oderwitz.de\/index.php?rest_route=\/wp\/v2\/pages\/285\/revisions"}],"predecessor-version":[{"id":1028,"href":"https:\/\/feuerwehr-oderwitz.de\/index.php?rest_route=\/wp\/v2\/pages\/285\/revisions\/1028"}],"up":[{"embeddable":true,"href":"https:\/\/feuerwehr-oderwitz.de\/index.php?rest_route=\/wp\/v2\/pages\/275"}],"wp:attachment":[{"href":"https:\/\/feuerwehr-oderwitz.de\/index.php?rest_route=%2Fwp%2Fv2%2Fmedia&parent=285"}],"curies":[{"name":"wp","href":"https:\/\/api.w.org\/{rel}","templated":true}]}}