{"id":34,"date":"2020-04-05T21:14:11","date_gmt":"2020-04-05T19:14:11","guid":{"rendered":"http:\/\/testserver.feuerwehr-oderwitz.de\/?page_id=34"},"modified":"2023-05-07T17:49:35","modified_gmt":"2023-05-07T15:49:35","slug":"fahrzeuge","status":"publish","type":"page","link":"https:\/\/feuerwehr-oderwitz.de\/?page_id=34","title":{"rendered":"Fahrzeuge"},"content":{"rendered":"\n<div class=\"wp-block-group\"><div class=\"wp-block-group__inner-container is-layout-flow wp-block-group-is-layout-flow\">\n<div class=\"wp-block-group alignwide\"><div class=\"wp-block-group__inner-container is-layout-flow wp-block-group-is-layout-flow\">\n<!--more-->\n\n\n\n<p>Die Freiwillige Feuerwehr Oderwitz verf\u00fcgt \u00fcber sechs im aktiven Einsatzdienst befindliche Fahrzeuge. Die Fahrzeuge verf\u00fcgen \u00fcber eine zeitgem\u00e4\u00dfe technische Aussattung um allen Anforderungen moderner Einsatzlagen im Bereich des abwehrenden Brandschutzes sowie der Technischen Hilfeleistung gerecht zu werden.<\/p>\n\n\n\n<p>Dar\u00fcber hinaus verf\u00fcgt die  Freiwillige Feuerwehr Oderwitz  \u00fcber ein Fahrzeug des Bundes-Katastrophenschutzes, welches sich in den Gefahrgutzug des Landkreises G\u00f6rlitz eingliedert (&#8222;Ger\u00e4tewagen Dekontamination Personal&#8220;). <\/p>\n\n\n\n<h3 class=\"wp-block-heading\">HLF 10<\/h3>\n\n\n\n<div class=\"wp-block-media-text alignwide is-stacked-on-mobile\" style=\"grid-template-columns:41% auto\"><figure class=\"wp-block-media-text__media\"><a href=\"\/?page_id=40\"><img decoding=\"async\" width=\"1024\" height=\"768\" src=\"https:\/\/feuerwehr-oderwitz.de\/wp-content\/uploads\/2023\/05\/IMG_6286-1024x768.jpeg\" alt=\"\" class=\"wp-image-1493 size-full\" srcset=\"https:\/\/feuerwehr-oderwitz.de\/wp-content\/uploads\/2023\/05\/IMG_6286-1024x768.jpeg 1024w, https:\/\/feuerwehr-oderwitz.de\/wp-content\/uploads\/2023\/05\/IMG_6286-300x225.jpeg 300w, https:\/\/feuerwehr-oderwitz.de\/wp-content\/uploads\/2023\/05\/IMG_6286-768x576.jpeg 768w, https:\/\/feuerwehr-oderwitz.de\/wp-content\/uploads\/2023\/05\/IMG_6286-1536x1152.jpeg 1536w, https:\/\/feuerwehr-oderwitz.de\/wp-content\/uploads\/2023\/05\/IMG_6286-350x263.jpeg 350w, https:\/\/feuerwehr-oderwitz.de\/wp-content\/uploads\/2023\/05\/IMG_6286-780x586.jpeg 780w, https:\/\/feuerwehr-oderwitz.de\/wp-content\/uploads\/2023\/05\/IMG_6286-250x188.jpeg 250w, https:\/\/feuerwehr-oderwitz.de\/wp-content\/uploads\/2023\/05\/IMG_6286.jpeg 2048w\" sizes=\"(max-width: 1024px) 100vw, 1024px\" \/><\/a><\/figure><div class=\"wp-block-media-text__content\">\n<p class=\"has-medium-font-size\">Fl. Oderwitz 11\/40\/1<\/p>\n\n\n\n<hr class=\"wp-block-separator has-text-color has-black-color has-css-opacity has-black-background-color has-background is-style-wide\"\/>\n\n\n\n<p>Hilfeleistungs-L\u00f6schgruppenfahrzeug<\/p>\n\n\n\n<div class=\"wp-block-buttons is-layout-flex wp-block-buttons-is-layout-flex\">\n<div class=\"wp-block-button is-style-fill\"><a class=\"wp-block-button__link has-very-light-gray-color has-vivid-red-background-color has-text-color has-background wp-element-button\" href=\"\/?page_id=40\" style=\"border-radius:5px\" rel=\"\/ueber-uns\/fahrzeuge\/hlf10\/\">mehr<\/a><\/div>\n<\/div>\n<\/div><\/div>\n<\/div><\/div>\n<\/div><\/div>\n\n\n\n<div class=\"wp-block-group\"><div class=\"wp-block-group__inner-container is-layout-flow wp-block-group-is-layout-flow\">\n<div style=\"height:50px\" aria-hidden=\"true\" class=\"wp-block-spacer\"><\/div>\n\n\n\n<div class=\"wp-block-group alignwide\"><div class=\"wp-block-group__inner-container is-layout-flow wp-block-group-is-layout-flow\">\n<h3 class=\"wp-block-heading\">LF 10\/6<\/h3>\n\n\n\n<div class=\"wp-block-media-text alignwide is-stacked-on-mobile is-vertically-aligned-top\" style=\"grid-template-columns:40% auto\"><figure class=\"wp-block-media-text__media\"><a href=\"\/?page_id=43\"><img decoding=\"async\" width=\"1024\" height=\"768\" src=\"https:\/\/feuerwehr-oderwitz.de\/wp-content\/uploads\/2023\/05\/IMG_6292-1024x768.jpeg\" alt=\"\" class=\"wp-image-1496 size-full\" srcset=\"https:\/\/feuerwehr-oderwitz.de\/wp-content\/uploads\/2023\/05\/IMG_6292-1024x768.jpeg 1024w, https:\/\/feuerwehr-oderwitz.de\/wp-content\/uploads\/2023\/05\/IMG_6292-300x225.jpeg 300w, https:\/\/feuerwehr-oderwitz.de\/wp-content\/uploads\/2023\/05\/IMG_6292-768x576.jpeg 768w, https:\/\/feuerwehr-oderwitz.de\/wp-content\/uploads\/2023\/05\/IMG_6292-1536x1152.jpeg 1536w, https:\/\/feuerwehr-oderwitz.de\/wp-content\/uploads\/2023\/05\/IMG_6292-350x263.jpeg 350w, https:\/\/feuerwehr-oderwitz.de\/wp-content\/uploads\/2023\/05\/IMG_6292-780x586.jpeg 780w, https:\/\/feuerwehr-oderwitz.de\/wp-content\/uploads\/2023\/05\/IMG_6292-250x188.jpeg 250w, https:\/\/feuerwehr-oderwitz.de\/wp-content\/uploads\/2023\/05\/IMG_6292.jpeg 2048w\" sizes=\"(max-width: 1024px) 100vw, 1024px\" \/><\/a><\/figure><div class=\"wp-block-media-text__content\">\n<p class=\"has-medium-font-size\">Fl. Oderwitz 11\/42\/1<\/p>\n\n\n\n<hr class=\"wp-block-separator has-text-color has-black-color has-css-opacity has-black-background-color has-background is-style-wide\"\/>\n\n\n\n<p>L\u00f6schgruppenfahrzeug<\/p>\n\n\n\n<div class=\"wp-block-buttons is-layout-flex wp-block-buttons-is-layout-flex\">\n<div class=\"wp-block-button is-style-fill\"><a class=\"wp-block-button__link has-very-light-gray-color has-vivid-red-background-color has-text-color has-background wp-element-button\" href=\"\/?page_id=43\" style=\"border-radius:5px\">mehr<\/a><\/div>\n<\/div>\n<\/div><\/div>\n<\/div><\/div>\n<\/div><\/div>\n\n\n\n<div style=\"height:50px\" aria-hidden=\"true\" class=\"wp-block-spacer\"><\/div>\n\n\n\n<div class=\"wp-block-group alignwide\"><div class=\"wp-block-group__inner-container is-layout-flow wp-block-group-is-layout-flow\">\n<h3 class=\"wp-block-heading\">TLF 4000<\/h3>\n\n\n\n<div class=\"wp-block-media-text alignwide is-stacked-on-mobile\" style=\"grid-template-columns:40% auto\"><figure class=\"wp-block-media-text__media\"><a href=\"\/?page_id=45\"><img decoding=\"async\" width=\"1024\" height=\"768\" src=\"https:\/\/feuerwehr-oderwitz.de\/wp-content\/uploads\/2023\/05\/IMG_6289-1024x768.jpeg\" alt=\"\" class=\"wp-image-1497 size-full\" srcset=\"https:\/\/feuerwehr-oderwitz.de\/wp-content\/uploads\/2023\/05\/IMG_6289-1024x768.jpeg 1024w, https:\/\/feuerwehr-oderwitz.de\/wp-content\/uploads\/2023\/05\/IMG_6289-300x225.jpeg 300w, https:\/\/feuerwehr-oderwitz.de\/wp-content\/uploads\/2023\/05\/IMG_6289-768x576.jpeg 768w, https:\/\/feuerwehr-oderwitz.de\/wp-content\/uploads\/2023\/05\/IMG_6289-1536x1152.jpeg 1536w, https:\/\/feuerwehr-oderwitz.de\/wp-content\/uploads\/2023\/05\/IMG_6289-350x263.jpeg 350w, https:\/\/feuerwehr-oderwitz.de\/wp-content\/uploads\/2023\/05\/IMG_6289-780x586.jpeg 780w, https:\/\/feuerwehr-oderwitz.de\/wp-content\/uploads\/2023\/05\/IMG_6289-250x188.jpeg 250w, https:\/\/feuerwehr-oderwitz.de\/wp-content\/uploads\/2023\/05\/IMG_6289.jpeg 2048w\" sizes=\"(max-width: 1024px) 100vw, 1024px\" \/><\/a><\/figure><div class=\"wp-block-media-text__content\">\n<p class=\"has-medium-font-size\">Fl. Oderwitz 11\/24\/1<\/p>\n\n\n\n<hr class=\"wp-block-separator has-text-color has-black-color has-css-opacity has-black-background-color has-background is-style-wide\"\/>\n\n\n\n<p>Staffel-Tankl\u00f6schfahrzeug<\/p>\n\n\n\n<div class=\"wp-block-buttons is-layout-flex wp-block-buttons-is-layout-flex\">\n<div class=\"wp-block-button is-style-fill\"><a class=\"wp-block-button__link has-very-light-gray-color has-vivid-red-background-color has-text-color has-background wp-element-button\" href=\"\/?page_id=45\" style=\"border-radius:5px\" rel=\"\/ueber-uns\/fahrzeuge\/tlf-16\/\">mehr<\/a><\/div>\n<\/div>\n<\/div><\/div>\n<\/div><\/div>\n\n\n\n<div style=\"height:50px\" aria-hidden=\"true\" class=\"wp-block-spacer\"><\/div>\n\n\n\n<div class=\"wp-block-group alignwide\"><div class=\"wp-block-group__inner-container is-layout-flow wp-block-group-is-layout-flow\">\n<h3 class=\"wp-block-heading\">GW Dekon-P<\/h3>\n\n\n\n<div class=\"wp-block-media-text alignwide is-stacked-on-mobile\" style=\"grid-template-columns:40% auto\"><figure class=\"wp-block-media-text__media\"><a href=\"\/?page_id=47\"><img decoding=\"async\" width=\"1024\" height=\"768\" src=\"https:\/\/feuerwehr-oderwitz.de\/wp-content\/uploads\/2023\/05\/IMG_6298-1024x768.jpeg\" alt=\"\" class=\"wp-image-1499 size-full\" srcset=\"https:\/\/feuerwehr-oderwitz.de\/wp-content\/uploads\/2023\/05\/IMG_6298-1024x768.jpeg 1024w, https:\/\/feuerwehr-oderwitz.de\/wp-content\/uploads\/2023\/05\/IMG_6298-300x225.jpeg 300w, https:\/\/feuerwehr-oderwitz.de\/wp-content\/uploads\/2023\/05\/IMG_6298-768x576.jpeg 768w, https:\/\/feuerwehr-oderwitz.de\/wp-content\/uploads\/2023\/05\/IMG_6298-1536x1152.jpeg 1536w, https:\/\/feuerwehr-oderwitz.de\/wp-content\/uploads\/2023\/05\/IMG_6298-350x263.jpeg 350w, https:\/\/feuerwehr-oderwitz.de\/wp-content\/uploads\/2023\/05\/IMG_6298-780x586.jpeg 780w, https:\/\/feuerwehr-oderwitz.de\/wp-content\/uploads\/2023\/05\/IMG_6298-250x188.jpeg 250w, https:\/\/feuerwehr-oderwitz.de\/wp-content\/uploads\/2023\/05\/IMG_6298.jpeg 2048w\" sizes=\"(max-width: 1024px) 100vw, 1024px\" \/><\/a><\/figure><div class=\"wp-block-media-text__content\">\n<p class=\"has-medium-font-size\">Fl. Oderwitz 11\/93\/1<\/p>\n\n\n\n<hr class=\"wp-block-separator has-text-color has-black-color has-css-opacity has-black-background-color has-background is-style-wide\"\/>\n\n\n\n<p>Ger\u00e4tewagen Dekontamination Personal<\/p>\n\n\n\n<div class=\"wp-block-buttons is-layout-flex wp-block-buttons-is-layout-flex\">\n<div class=\"wp-block-button is-style-fill\"><a class=\"wp-block-button__link has-very-light-gray-color has-vivid-red-background-color has-text-color has-background wp-element-button\" href=\"\/?page_id=47\" style=\"border-radius:5px\" rel=\"\/ueber-uns\/fahrzeuge\/gw-dekon-p\/\">mehr<\/a><\/div>\n<\/div>\n<\/div><\/div>\n<\/div><\/div>\n\n\n\n<div style=\"height:50px\" aria-hidden=\"true\" class=\"wp-block-spacer\"><\/div>\n\n\n\n<div class=\"wp-block-group alignwide\"><div class=\"wp-block-group__inner-container is-layout-flow wp-block-group-is-layout-flow\">\n<h3 class=\"wp-block-heading\">MTW<\/h3>\n\n\n\n<div class=\"wp-block-media-text alignwide is-stacked-on-mobile\" style=\"grid-template-columns:40% auto\"><figure class=\"wp-block-media-text__media\"><a href=\"\/?page_id=49\"><img decoding=\"async\" width=\"1024\" height=\"768\" src=\"\/wp-content\/uploads\/2022\/07\/IMG_1741-1024x768.jpeg\" alt=\"\" class=\"wp-image-838 size-full\" srcset=\"https:\/\/feuerwehr-oderwitz.de\/wp-content\/uploads\/2022\/07\/IMG_1741-1024x768.jpeg 1024w, https:\/\/feuerwehr-oderwitz.de\/wp-content\/uploads\/2022\/07\/IMG_1741-300x225.jpeg 300w, https:\/\/feuerwehr-oderwitz.de\/wp-content\/uploads\/2022\/07\/IMG_1741-768x576.jpeg 768w, https:\/\/feuerwehr-oderwitz.de\/wp-content\/uploads\/2022\/07\/IMG_1741-1536x1152.jpeg 1536w, https:\/\/feuerwehr-oderwitz.de\/wp-content\/uploads\/2022\/07\/IMG_1741-350x263.jpeg 350w, https:\/\/feuerwehr-oderwitz.de\/wp-content\/uploads\/2022\/07\/IMG_1741-780x586.jpeg 780w, https:\/\/feuerwehr-oderwitz.de\/wp-content\/uploads\/2022\/07\/IMG_1741-250x188.jpeg 250w, https:\/\/feuerwehr-oderwitz.de\/wp-content\/uploads\/2022\/07\/IMG_1741.jpeg 2048w\" sizes=\"(max-width: 1024px) 100vw, 1024px\" \/><\/a><\/figure><div class=\"wp-block-media-text__content\">\n<p class=\"has-medium-font-size\">Fl. Oderwitz 11\/19\/1<\/p>\n\n\n\n<hr class=\"wp-block-separator has-text-color has-black-color has-css-opacity has-black-background-color has-background is-style-wide\"\/>\n\n\n\n<p>Mannschaftstransportwagen<\/p>\n\n\n\n<div class=\"wp-block-buttons is-layout-flex wp-block-buttons-is-layout-flex\">\n<div class=\"wp-block-button is-style-fill\"><a class=\"wp-block-button__link has-very-light-gray-color has-vivid-red-background-color has-text-color has-background wp-element-button\" href=\"\/?page_id=49\" style=\"border-radius:5px\" rel=\"\/ueber-uns\/fahrzeuge\/mtw\/\">mehr<\/a><\/div>\n<\/div>\n<\/div><\/div>\n\n\n\n<div style=\"height:30px\" aria-hidden=\"true\" class=\"wp-block-spacer\"><\/div>\n<\/div><\/div>\n\n\n\n<h3 class=\"wp-block-heading\">KdoW<\/h3>\n\n\n\n<div class=\"wp-block-media-text alignwide is-stacked-on-mobile\" style=\"grid-template-columns:39% auto\"><figure class=\"wp-block-media-text__media\"><a href=\"https:\/\/feuerwehr-oderwitz.de\/?page_id=1510\"><img decoding=\"async\" width=\"1024\" height=\"768\" src=\"https:\/\/feuerwehr-oderwitz.de\/wp-content\/uploads\/2023\/05\/IMG_6284-1024x768.jpeg\" alt=\"\" class=\"wp-image-1503 size-full\" srcset=\"https:\/\/feuerwehr-oderwitz.de\/wp-content\/uploads\/2023\/05\/IMG_6284-1024x768.jpeg 1024w, https:\/\/feuerwehr-oderwitz.de\/wp-content\/uploads\/2023\/05\/IMG_6284-300x225.jpeg 300w, https:\/\/feuerwehr-oderwitz.de\/wp-content\/uploads\/2023\/05\/IMG_6284-768x576.jpeg 768w, https:\/\/feuerwehr-oderwitz.de\/wp-content\/uploads\/2023\/05\/IMG_6284-1536x1152.jpeg 1536w, https:\/\/feuerwehr-oderwitz.de\/wp-content\/uploads\/2023\/05\/IMG_6284-350x263.jpeg 350w, https:\/\/feuerwehr-oderwitz.de\/wp-content\/uploads\/2023\/05\/IMG_6284-780x586.jpeg 780w, https:\/\/feuerwehr-oderwitz.de\/wp-content\/uploads\/2023\/05\/IMG_6284-250x188.jpeg 250w, https:\/\/feuerwehr-oderwitz.de\/wp-content\/uploads\/2023\/05\/IMG_6284.jpeg 2048w\" sizes=\"(max-width: 1024px) 100vw, 1024px\" \/><\/a><\/figure><div class=\"wp-block-media-text__content\">\n<p class=\"has-medium-font-size\">Fl. Oderwitz 11\/10\/1<\/p>\n\n\n\n<hr class=\"wp-block-separator has-text-color has-black-color has-css-opacity has-black-background-color has-background is-style-wide\"\/>\n\n\n\n<p>Kommandowagen<\/p>\n\n\n\n<div class=\"wp-block-buttons is-layout-flex wp-block-buttons-is-layout-flex\">\n<div class=\"wp-block-button is-style-fill\"><a class=\"wp-block-button__link has-very-light-gray-color has-vivid-red-background-color has-text-color has-background wp-element-button\" href=\"https:\/\/feuerwehr-oderwitz.de\/?page_id=1510\" style=\"border-radius:5px\">mehr<\/a><\/div>\n<\/div>\n<\/div><\/div>\n","protected":false},"excerpt":{"rendered":"","protected":false},"author":1,"featured_media":463,"parent":270,"menu_order":1,"comment_status":"closed","ping_status":"closed","template":"","meta":{"footnotes":""},"class_list":["post-34","page","type-page","status-publish","has-post-thumbnail","hentry"],"_links":{"self":[{"href":"https:\/\/feuerwehr-oderwitz.de\/index.php?rest_route=\/wp\/v2\/pages\/34","targetHints":{"allow":["GET"]}}],"collection":[{"href":"https:\/\/feuerwehr-oderwitz.de\/index.php?rest_route=\/wp\/v2\/pages"}],"about":[{"href":"https:\/\/feuerwehr-oderwitz.de\/index.php?rest_route=\/wp\/v2\/types\/page"}],"author":[{"embeddable":true,"href":"https:\/\/feuerwehr-oderwitz.de\/index.php?rest_route=\/wp\/v2\/users\/1"}],"replies":[{"embeddable":true,"href":"https:\/\/feuerwehr-oderwitz.de\/index.php?rest_route=%2Fwp%2Fv2%2Fcomments&post=34"}],"version-history":[{"count":10,"href":"https:\/\/feuerwehr-oderwitz.de\/index.php?rest_route=\/wp\/v2\/pages\/34\/revisions"}],"predecessor-version":[{"id":1523,"href":"https:\/\/feuerwehr-oderwitz.de\/index.php?rest_route=\/wp\/v2\/pages\/34\/revisions\/1523"}],"up":[{"embeddable":true,"href":"https:\/\/feuerwehr-oderwitz.de\/index.php?rest_route=\/wp\/v2\/pages\/270"}],"wp:featuredmedia":[{"embeddable":true,"href":"https:\/\/feuerwehr-oderwitz.de\/index.php?rest_route=\/wp\/v2\/media\/463"}],"wp:attachment":[{"href":"https:\/\/feuerwehr-oderwitz.de\/index.php?rest_route=%2Fwp%2Fv2%2Fmedia&parent=34"}],"curies":[{"name":"wp","href":"https:\/\/api.w.org\/{rel}","templated":true}]}}