{"id":43,"date":"2020-04-05T21:17:38","date_gmt":"2020-04-05T19:17:38","guid":{"rendered":"http:\/\/testserver.feuerwehr-oderwitz.de\/?page_id=43"},"modified":"2023-05-07T22:15:14","modified_gmt":"2023-05-07T20:15:14","slug":"lf-10-6","status":"publish","type":"page","link":"https:\/\/feuerwehr-oderwitz.de\/?page_id=43","title":{"rendered":"LF 10\/6"},"content":{"rendered":"\n<figure class=\"wp-block-image size-large\"><img decoding=\"async\" width=\"1024\" height=\"768\" src=\"https:\/\/feuerwehr-oderwitz.de\/wp-content\/uploads\/2023\/05\/IMG_6292-1024x768.jpeg\" alt=\"\" class=\"wp-image-1496\" srcset=\"https:\/\/feuerwehr-oderwitz.de\/wp-content\/uploads\/2023\/05\/IMG_6292-1024x768.jpeg 1024w, https:\/\/feuerwehr-oderwitz.de\/wp-content\/uploads\/2023\/05\/IMG_6292-300x225.jpeg 300w, https:\/\/feuerwehr-oderwitz.de\/wp-content\/uploads\/2023\/05\/IMG_6292-768x576.jpeg 768w, https:\/\/feuerwehr-oderwitz.de\/wp-content\/uploads\/2023\/05\/IMG_6292-1536x1152.jpeg 1536w, https:\/\/feuerwehr-oderwitz.de\/wp-content\/uploads\/2023\/05\/IMG_6292-350x263.jpeg 350w, https:\/\/feuerwehr-oderwitz.de\/wp-content\/uploads\/2023\/05\/IMG_6292-780x586.jpeg 780w, https:\/\/feuerwehr-oderwitz.de\/wp-content\/uploads\/2023\/05\/IMG_6292-250x188.jpeg 250w, https:\/\/feuerwehr-oderwitz.de\/wp-content\/uploads\/2023\/05\/IMG_6292.jpeg 2048w\" sizes=\"(max-width: 1024px) 100vw, 1024px\" \/><\/figure>\n\n\n\n<p>L\u00f6schgruppenfahrzeug vom Typ LF 10\/6<\/p>\n\n\n\n<p><strong>Funkkennung:<\/strong><\/p>\n\n\n\n<p>\u201eFlorian Oderwitz 11\/42\/1\u201c<\/p>\n\n\n\n<p><strong>Fahrgestell:<\/strong><\/p>\n\n\n\n<figure class=\"wp-block-table\"><table><tbody><tr><td>Hersteller:<\/td><td>Mercedes Benz \/ Ziegler<\/td><\/tr><tr><td>Hubraum:<\/td><td>6374 cm\u00b3<\/td><\/tr><tr><td>Leistung:<\/td><td>255,61 PS (188 kW)<\/td><\/tr><tr><td>H\u00f6chstgeschw.:<\/td><td>100 km\/h<\/td><\/tr><tr><td>Gel\u00e4nde:<\/td><td>Allrad permanent, Gel\u00e4ndebereifung<\/td><\/tr><tr><td>Besatzung:<\/td><td>1\/8<\/td><\/tr><tr><td>Indienststellung:<\/td><td>04\/2007<\/td><\/tr><\/tbody><\/table><\/figure>\n\n\n\n<p><strong>Feuerwehrtechnischer Aufbau<\/strong><\/p>\n\n\n\n<figure class=\"wp-block-table\"><table><tbody><tr><td>Zweck:<\/td><td>Brandbek\u00e4mpfung und kleinere Technische Hilfeleistung<\/td><\/tr><tr><td>Schl\u00e4uche:<\/td><td>14 B-Schl\u00e4uche, 12 C-Schl\u00e4uche, 6 Saugl\u00e4ngen, C-Schlauchpaket mit vorgekuppeltem Hohlstrahlrohr und Absperrorgan<\/td><\/tr><tr><td>Strahlrohre:<\/td><td>4 C-Hohlstrahlrohre, 1 B-Hohlstrahlrohr, 1 B-Mehrzweck-Strahlrohr, 1 Kombischaumrohr<\/td><\/tr><tr><td>Beleuchtung:<\/td><td>5 Scheinwerfer in Dachleiste, 4\u00d71000 Watt Halogenscheinwerfer, Suchscheinwerfer<\/td><\/tr><tr><td>Ger\u00e4te:<\/td><td>Rettungss\u00e4ge, Trennschleifer, \u00dcberdruckl\u00fcfter, Tauchpumpe TP 4\/1, W\u00e4rmebildkamera, 6 Atemschutzger\u00e4te, 8 Atemluftflaschen (Reserve)<\/td><\/tr><tr><td>Aggregate:<\/td><td>Stromerzeuger (11,5kVA), Tragkraftspritze<\/td><\/tr><tr><td>Heckpumpe:<\/td><td>Antrieb \u00fcber Fahrzeugmotor, 1000 Liter\/Minute bei 10 bar<\/td><\/tr><tr><td>Wassertank:<\/td><td>800 Liter L\u00f6schwasser<\/td><\/tr><tr><td>Funk:<\/td><td>1 Fahrzeugfunkger\u00e4t (HBC), 7 Handsprechfunkger\u00e4te (HRT)<\/td><\/tr><\/tbody><\/table><\/figure>\n","protected":false},"excerpt":{"rendered":"<p>L\u00f6schgruppenfahrzeug vom Typ LF 10\/6 Funkkennung: \u201eFlorian Oderwitz 11\/42\/1\u201c Fahrgestell: Hersteller: Mercedes Benz \/ Ziegler Hubraum: 6374 cm\u00b3 Leistung: 255,61 PS (188 kW) H\u00f6chstgeschw.: 100 km\/h Gel\u00e4nde: Allrad permanent, Gel\u00e4ndebereifung Besatzung: 1\/8 Indienststellung: 04\/2007 Feuerwehrtechnischer Aufbau Zweck: Brandbek\u00e4mpfung und kleinere Technische Hilfeleistung Schl\u00e4uche: 14 B-Schl\u00e4uche, 12 C-Schl\u00e4uche, 6 Saugl\u00e4ngen, C-Schlauchpaket mit vorgekuppeltem Hohlstrahlrohr und Absperrorgan <a class=\"more-link\" href=\"https:\/\/feuerwehr-oderwitz.de\/?page_id=43\">weiterlesen&#8230;<\/a><\/p>\n","protected":false},"author":1,"featured_media":0,"parent":34,"menu_order":1,"comment_status":"closed","ping_status":"closed","template":"","meta":{"footnotes":""},"class_list":["post-43","page","type-page","status-publish","hentry"],"_links":{"self":[{"href":"https:\/\/feuerwehr-oderwitz.de\/index.php?rest_route=\/wp\/v2\/pages\/43","targetHints":{"allow":["GET"]}}],"collection":[{"href":"https:\/\/feuerwehr-oderwitz.de\/index.php?rest_route=\/wp\/v2\/pages"}],"about":[{"href":"https:\/\/feuerwehr-oderwitz.de\/index.php?rest_route=\/wp\/v2\/types\/page"}],"author":[{"embeddable":true,"href":"https:\/\/feuerwehr-oderwitz.de\/index.php?rest_route=\/wp\/v2\/users\/1"}],"replies":[{"embeddable":true,"href":"https:\/\/feuerwehr-oderwitz.de\/index.php?rest_route=%2Fwp%2Fv2%2Fcomments&post=43"}],"version-history":[{"count":8,"href":"https:\/\/feuerwehr-oderwitz.de\/index.php?rest_route=\/wp\/v2\/pages\/43\/revisions"}],"predecessor-version":[{"id":1540,"href":"https:\/\/feuerwehr-oderwitz.de\/index.php?rest_route=\/wp\/v2\/pages\/43\/revisions\/1540"}],"up":[{"embeddable":true,"href":"https:\/\/feuerwehr-oderwitz.de\/index.php?rest_route=\/wp\/v2\/pages\/34"}],"wp:attachment":[{"href":"https:\/\/feuerwehr-oderwitz.de\/index.php?rest_route=%2Fwp%2Fv2%2Fmedia&parent=43"}],"curies":[{"name":"wp","href":"https:\/\/api.w.org\/{rel}","templated":true}]}}