{"id":51,"date":"2020-04-05T21:21:57","date_gmt":"2020-04-05T19:21:57","guid":{"rendered":"http:\/\/testserver.feuerwehr-oderwitz.de\/?page_id=51"},"modified":"2023-07-18T16:18:34","modified_gmt":"2023-07-18T14:18:34","slug":"geschichte","status":"publish","type":"page","link":"https:\/\/feuerwehr-oderwitz.de\/?page_id=51","title":{"rendered":"Geschichte"},"content":{"rendered":"\n<p>Die Geschichte der Freiwilligen Feuerwehr Oderwitz bis zu ihrem heutigen Bestehen erstreckt sich \u00fcber mehr als 150 Jahre. Allgemein unterliegt das Feuerwehrwesen einem stetigen durch Einsatzgeschehen, technische Neuentwicklungen oder auch strukturellen\/politischen Voraussetzungen bedingten Wandel. Die geschichte der Freiwilligen Feuerwehr Oderwitz bildet dabei keine Ausnahme.<\/p>\n\n\n<p><!-- \/wp:post-content --><\/p>\n<p><!-- wp:columns --><\/p>\n<div class=\"wp-block-columns\"><!-- wp:column {\"width\":\"50%\"} -->\n<p>\u00a0<\/p>\n<div class=\"wp-block-column\" style=\"flex-basis: 50%;\"><!-- wp:image {\"id\":185,\"sizeSlug\":\"full\",\"linkDestination\":\"none\"} -->\n<p>\u00a0<\/p>\n<figure class=\"wp-block-image size-full\"><img decoding=\"async\" width=\"800\" height=\"533\" class=\"wp-image-185\" src=\"\/wp-content\/uploads\/2020\/04\/csm_FW_Niederoderwitz_0855c2f4ab.jpg\" alt=\"\" srcset=\"https:\/\/feuerwehr-oderwitz.de\/wp-content\/uploads\/2020\/04\/csm_FW_Niederoderwitz_0855c2f4ab.jpg 800w, https:\/\/feuerwehr-oderwitz.de\/wp-content\/uploads\/2020\/04\/csm_FW_Niederoderwitz_0855c2f4ab-300x200.jpg 300w, https:\/\/feuerwehr-oderwitz.de\/wp-content\/uploads\/2020\/04\/csm_FW_Niederoderwitz_0855c2f4ab-768x512.jpg 768w\" sizes=\"(max-width: 800px) 100vw, 800px\" \/><\/figure>\n<p><!-- \/wp:image --><\/p>\n<p><!-- wp:buttons {\"layout\":{\"type\":\"flex\",\"justifyContent\":\"center\",\"orientation\":\"horizontal\"}} --><\/p>\n<div class=\"wp-block-buttons\"><!-- wp:button {\"backgroundColor\":\"vivid-red\",\"textColor\":\"very-light-gray\",\"style\":{\"border\":{\"radius\":\"5px\"}},\"className\":\"is-style-fill\"} -->\n<p>\u00a0<\/p>\n<div class=\"wp-block-button is-style-fill\"><a class=\"wp-block-button__link has-very-light-gray-color has-vivid-red-background-color has-text-color has-background\" style=\"border-radius: 5px;\" href=\"\/?page_id=732\" rel=\"\/ueber-uns\/fahrzeuge\/hlf10\/\">Ortsfeuerwehr Niederoderwitz<\/a><\/div>\n<p><!-- \/wp:button --><\/p>\n<\/div>\n<p><!-- \/wp:buttons --><\/p>\n<\/div>\n<p><!-- \/wp:column --><\/p>\n<p><!-- wp:column {\"width\":\"50%\"} --><\/p>\n<div class=\"wp-block-column\" style=\"flex-basis: 50%;\"><!-- wp:image {\"id\":186,\"width\":320,\"height\":240,\"sizeSlug\":\"full\",\"linkDestination\":\"none\"} -->\n<p>\u00a0<\/p>\n<figure class=\"wp-block-image size-full is-resized\"><img decoding=\"async\" class=\"alignnone wp-image-841 \" src=\"https:\/\/feuerwehr-oderwitz.de\/wp-content\/uploads\/2022\/07\/IMG_1752-300x225.jpeg\" alt=\"\" width=\"344\" height=\"258\" srcset=\"https:\/\/feuerwehr-oderwitz.de\/wp-content\/uploads\/2022\/07\/IMG_1752-300x225.jpeg 300w, https:\/\/feuerwehr-oderwitz.de\/wp-content\/uploads\/2022\/07\/IMG_1752-1024x768.jpeg 1024w, https:\/\/feuerwehr-oderwitz.de\/wp-content\/uploads\/2022\/07\/IMG_1752-768x576.jpeg 768w, https:\/\/feuerwehr-oderwitz.de\/wp-content\/uploads\/2022\/07\/IMG_1752-1536x1152.jpeg 1536w, https:\/\/feuerwehr-oderwitz.de\/wp-content\/uploads\/2022\/07\/IMG_1752-350x263.jpeg 350w, https:\/\/feuerwehr-oderwitz.de\/wp-content\/uploads\/2022\/07\/IMG_1752-780x586.jpeg 780w, https:\/\/feuerwehr-oderwitz.de\/wp-content\/uploads\/2022\/07\/IMG_1752-250x188.jpeg 250w, https:\/\/feuerwehr-oderwitz.de\/wp-content\/uploads\/2022\/07\/IMG_1752.jpeg 2048w\" sizes=\"(max-width: 344px) 100vw, 344px\" \/><\/figure>\n<p><!-- \/wp:image --><\/p>\n<p><!-- wp:buttons {\"layout\":{\"type\":\"flex\",\"justifyContent\":\"center\",\"orientation\":\"horizontal\"}} --><\/p>\n<div class=\"wp-block-buttons\"><!-- wp:button {\"backgroundColor\":\"vivid-red\",\"textColor\":\"very-light-gray\",\"style\":{\"border\":{\"radius\":\"5px\"}},\"className\":\"is-style-fill\"} -->\n<p>\u00a0<\/p>\n<div class=\"wp-block-button is-style-fill\"><a class=\"wp-block-button__link has-very-light-gray-color has-vivid-red-background-color has-text-color has-background\" style=\"border-radius: 5px;\" href=\"\/?page_id=736\" rel=\"\/ueber-uns\/fahrzeuge\/hlf10\/\">Ortsfeuerwehr Oberoderwitz<\/a><\/div>\n<p><!-- \/wp:button --><\/p>\n<\/div>\n<p><!-- \/wp:buttons --><\/p>\n<\/div>\n<p><!-- \/wp:column --><\/p>\n<\/div>\n<p><!-- \/wp:columns --><\/p>\n<p><!-- wp:paragraph --><\/p>\n<p>Seit der Gemeindezusammenf\u00fchrung der beiden heutigen Ortsteile Oberoderwitz und Niederoderwitz im Jahr 1999 entstand im Gleichzug die Gemeindefeuerwehr Oderwitz mit den beiden Ortsfeuerwehren und bis 2023 bestehenden Strukturen (gew\u00e4hlte Vertreter: Gemeindewehrleiter, je ein Ortswehrleiter und deren Stellvertreter).<\/p>\n<p><!-- \/wp:paragraph --><\/p>\n<p><!-- wp:paragraph --><\/p>\n<p>\u00dcber die vergangenen knapp 25 Jahre vereinheitlichte sich das Ausbildungsgeschehen und nahezu s\u00e4mtliche Eins\u00e4tze der Gemeindefeuerwehr der vergangenen Jahre wurden durch beide Ortsfeuerwehren gemeinsam bew\u00e4ltigt. Seit dem angebrochenen Dienstjahr 2022 findet die Ausbildung der Freiwilligen Feuerwehr Oderwitz ausschlie\u00dflich gemeinschaftlich mit beiden Ortsfeuerwehren statt. Mit der Fertigstellung des zentralen Ger\u00e4tehauses am <span class=\"yt-core-attributed-string yt-core-attributed-string--white-space-pre-wrap\" role=\"text\"><span class=\"yt-core-attributed-string--link-inherit-color\">28.04.2023<\/span><\/span> erfolgt die Vereinigung beider Ortsfeuerwehren unter einem Dach.<\/p>\n<p><!-- \/wp:paragraph --><\/p>","protected":false},"excerpt":{"rendered":"<p>Die Geschichte der Freiwilligen Feuerwehr Oderwitz bis zu ihrem heutigen Bestehen erstreckt sich \u00fcber mehr als 150 Jahre. Allgemein unterliegt das Feuerwehrwesen einem stetigen durch Einsatzgeschehen, technische Neuentwicklungen oder auch strukturellen\/politischen Voraussetzungen bedingten Wandel. Die geschichte der Freiwilligen Feuerwehr Oderwitz bildet dabei keine Ausnahme. \u00a0 \u00a0 \u00a0 Ortsfeuerwehr Niederoderwitz \u00a0 \u00a0 Ortsfeuerwehr Oberoderwitz Seit der <a class=\"more-link\" href=\"https:\/\/feuerwehr-oderwitz.de\/?page_id=51\">weiterlesen&#8230;<\/a><\/p>\n","protected":false},"author":1,"featured_media":0,"parent":278,"menu_order":1,"comment_status":"closed","ping_status":"closed","template":"","meta":{"footnotes":""},"class_list":["post-51","page","type-page","status-publish","hentry"],"_links":{"self":[{"href":"https:\/\/feuerwehr-oderwitz.de\/index.php?rest_route=\/wp\/v2\/pages\/51","targetHints":{"allow":["GET"]}}],"collection":[{"href":"https:\/\/feuerwehr-oderwitz.de\/index.php?rest_route=\/wp\/v2\/pages"}],"about":[{"href":"https:\/\/feuerwehr-oderwitz.de\/index.php?rest_route=\/wp\/v2\/types\/page"}],"author":[{"embeddable":true,"href":"https:\/\/feuerwehr-oderwitz.de\/index.php?rest_route=\/wp\/v2\/users\/1"}],"replies":[{"embeddable":true,"href":"https:\/\/feuerwehr-oderwitz.de\/index.php?rest_route=%2Fwp%2Fv2%2Fcomments&post=51"}],"version-history":[{"count":9,"href":"https:\/\/feuerwehr-oderwitz.de\/index.php?rest_route=\/wp\/v2\/pages\/51\/revisions"}],"predecessor-version":[{"id":1673,"href":"https:\/\/feuerwehr-oderwitz.de\/index.php?rest_route=\/wp\/v2\/pages\/51\/revisions\/1673"}],"up":[{"embeddable":true,"href":"https:\/\/feuerwehr-oderwitz.de\/index.php?rest_route=\/wp\/v2\/pages\/278"}],"wp:attachment":[{"href":"https:\/\/feuerwehr-oderwitz.de\/index.php?rest_route=%2Fwp%2Fv2%2Fmedia&parent=51"}],"curies":[{"name":"wp","href":"https:\/\/api.w.org\/{rel}","templated":true}]}}