{"id":63,"date":"2020-04-05T21:27:31","date_gmt":"2020-04-05T19:27:31","guid":{"rendered":"http:\/\/testserver.feuerwehr-oderwitz.de\/?page_id=63"},"modified":"2022-12-13T15:19:47","modified_gmt":"2022-12-13T14:19:47","slug":"spenden-helfen","status":"publish","type":"page","link":"https:\/\/feuerwehr-oderwitz.de\/?page_id=63","title":{"rendered":"Spenden &#038; Helfen"},"content":{"rendered":"\n<!--more-->\n\n\n\n<p>Im Rahmen unserer Arbeit als gemeinn\u00fctziger Verein haben wir es uns unter anderem zur Aufgabe gemacht den vorbeugenden und abwehrenden Brandschutz in der Gemeinde Oderwitz durch Mitarbeit und Hilfe bei Beschaffungen f\u00fcr die einzelnen Abteilungen (z. B. Kinder- und Jugendfeuerwehr oder Einsatzabteilung) der Feuerwehr Oderwitz zu st\u00e4rken. Um hierbei wiederum die Arbeit unseres Vereins finanziell zu unterst\u00fctzen, k\u00f6nnen Sie gerne eine Spende auf unser Vereinskonto entrichten:<\/p>\n\n\n\n<figure class=\"wp-block-table\"><table><tbody><tr><td>Bank:<\/td><td>Volksbank L\u00f6bau-Zittau eG<\/td><\/tr><tr><td>IBAN:<\/td><td>DE93 8559 0100 4561 8301 05<\/td><\/tr><tr><td>BIC:<\/td><td>GENO DE F1 NGS<\/td><\/tr><\/tbody><\/table><\/figure>\n\n\n\n<p>Sollten Sie eine Spendenquittung w\u00fcnschen oder anderweitige Fragen zu einer Spende haben kontaktieren Sie uns bitte unter <a href=\"mailto:foerderverein@feuerwehr-oderwitz.de\">foerderverein@feuerwehr-oderwitz.de<\/a> oder unseren Vorstand unter den angegebenen <a href=\"\/?page_id=61\">Kontaktdaten<\/a>.<\/p>\n\n\n\n<p><strong>Wie k\u00f6nnen Sie noch helfen:<\/strong><\/p>\n\n\n\n<p>Der Verein bietet Ihnen die M\u00f6glichkeit, Mitglied zu werden. Durch Ihren j\u00e4hrlichen Mitgliedsbeitrag (Mindestbeitrag nur EUR 20,00\u20ac \/ Mitglied) unterst\u00fctzen Sie unsere Bem\u00fchungen und Ziele. Jeder eingezahlte Euro kommt der Feuerwehr Oderwitz zugute. Gerne nehmen wir auch Einzelspenden an. Selbstverst\u00e4ndlich stehen wir auch weiteren Spenden offen gegen\u00fcber und freuen uns auf Ihre Unterst\u00fctzung.<\/p>\n","protected":false},"excerpt":{"rendered":"","protected":false},"author":1,"featured_media":191,"parent":16,"menu_order":4,"comment_status":"closed","ping_status":"closed","template":"","meta":{"footnotes":""},"class_list":["post-63","page","type-page","status-publish","has-post-thumbnail","hentry"],"_links":{"self":[{"href":"https:\/\/feuerwehr-oderwitz.de\/index.php?rest_route=\/wp\/v2\/pages\/63","targetHints":{"allow":["GET"]}}],"collection":[{"href":"https:\/\/feuerwehr-oderwitz.de\/index.php?rest_route=\/wp\/v2\/pages"}],"about":[{"href":"https:\/\/feuerwehr-oderwitz.de\/index.php?rest_route=\/wp\/v2\/types\/page"}],"author":[{"embeddable":true,"href":"https:\/\/feuerwehr-oderwitz.de\/index.php?rest_route=\/wp\/v2\/users\/1"}],"replies":[{"embeddable":true,"href":"https:\/\/feuerwehr-oderwitz.de\/index.php?rest_route=%2Fwp%2Fv2%2Fcomments&post=63"}],"version-history":[{"count":5,"href":"https:\/\/feuerwehr-oderwitz.de\/index.php?rest_route=\/wp\/v2\/pages\/63\/revisions"}],"predecessor-version":[{"id":1297,"href":"https:\/\/feuerwehr-oderwitz.de\/index.php?rest_route=\/wp\/v2\/pages\/63\/revisions\/1297"}],"up":[{"embeddable":true,"href":"https:\/\/feuerwehr-oderwitz.de\/index.php?rest_route=\/wp\/v2\/pages\/16"}],"wp:featuredmedia":[{"embeddable":true,"href":"https:\/\/feuerwehr-oderwitz.de\/index.php?rest_route=\/wp\/v2\/media\/191"}],"wp:attachment":[{"href":"https:\/\/feuerwehr-oderwitz.de\/index.php?rest_route=%2Fwp%2Fv2%2Fmedia&parent=63"}],"curies":[{"name":"wp","href":"https:\/\/api.w.org\/{rel}","templated":true}]}}